{"id":1308,"date":"2020-03-17T12:04:55","date_gmt":"2020-03-17T11:04:55","guid":{"rendered":"http:\/\/collsilveira.com\/asesoria-juridica-virtual\/"},"modified":"2022-05-13T17:26:14","modified_gmt":"2022-05-13T15:26:14","slug":"asesoria-juridica-virtual","status":"publish","type":"page","link":"https:\/\/collsilveira.com\/ca\/asesoria-juridica-virtual\/","title":{"rendered":"Assessoria Jur\u00eddica Virtual"},"content":{"rendered":"\t\t<div data-elementor-type=\"wp-post\" data-elementor-id=\"1308\" class=\"elementor elementor-1308 elementor-1070 elementor-bc-flex-widget\">\n\t\t\t\t\t\t<section class=\"elementor-section elementor-top-section elementor-element elementor-element-d10c84f elementor-section-boxed elementor-section-height-default elementor-section-height-default\" data-id=\"d10c84f\" data-element_type=\"section\" data-e-type=\"section\">\n\t\t\t\t\t\t<div class=\"elementor-container elementor-column-gap-default\">\n\t\t\t\t\t<div class=\"elementor-column elementor-col-100 elementor-top-column elementor-element elementor-element-cb64336\" data-id=\"cb64336\" data-element_type=\"column\" data-e-type=\"column\">\n\t\t\t<div class=\"elementor-widget-wrap elementor-element-populated\">\n\t\t\t\t\t\t<div class=\"elementor-element elementor-element-c12f0d6 elementor-widget elementor-widget-text-editor\" data-id=\"c12f0d6\" data-element_type=\"widget\" data-e-type=\"widget\" data-widget_type=\"text-editor.default\">\n\t\t\t\t<div class=\"elementor-widget-container\">\n\t\t\t\t\t\t\t\t\t<p>En la societat del segle XXI, cada vegada \u00e9s m\u00e9s necessari un assessorament jur\u00eddic especialitzat, \u00e0gil i efica\u00e7, per a donar resposta a una multitud de q\u00fcestions que sorgeixen di\u00e0riament, derivats de les diferents normatives que regulen els nostres \u00e0mbits d&#8217;actuaci\u00f3, ja sigui en qualitat de consumidors, treballadors, particulars i\/o empresaris, condicions que moltes vegades s&#8217;entremesclen.<\/p><p>Si les noves tecnologies permeten el desenvolupament de la nostra labor en tot el territori nacional, facilitant una intervenci\u00f3 directa per a resoldre conflictes en tots els partits judicials, amb major ra\u00f3 les mateixes eines es posen a la disposici\u00f3 dels nostres clients per a gestionar els seus expedients de manera virtual, sense necessitat de pres\u00e8ncia f\u00edsica i enviant i rebent quanta documentaci\u00f3 es precisi per aquest mitj\u00e0, la qual cosa suposa un important estalvi en temps i cost.<\/p><p>Per aix\u00f2, posem a la seva disposici\u00f3 una ASSESSORIA JUR\u00cdDICA VIRTUAL, en la qual ser\u00e0 at\u00e8s\/a personalment, usant tots els mitjans pertinents, com per exemple conferencies via Skype.<\/p><p>Atendrem les seves consultes, i els defensarem en quantes actuacions tinguin b\u00e9 a encomanar-nos. <\/p><p>Pots fer-ho a trav\u00e9s del formulari de la de baix o enviant un e-mail a: <a href=\"mailto:info@collsilveira.com\" target=\"_blank\" rel=\"noopener\">info@collsilveira.com<\/a><\/p>\t\t\t\t\t\t\t\t<\/div>\n\t\t\t\t<\/div>\n\t\t\t\t\t<\/div>\n\t\t<\/div>\n\t\t\t\t\t<\/div>\n\t\t<\/section>\n\t\t\t\t<section class=\"elementor-section elementor-top-section elementor-element elementor-element-dc56bcb elementor-section-boxed elementor-section-height-default elementor-section-height-default\" data-id=\"dc56bcb\" data-element_type=\"section\" data-e-type=\"section\">\n\t\t\t\t\t\t<div class=\"elementor-container elementor-column-gap-default\">\n\t\t\t\t\t<div class=\"elementor-column elementor-col-100 elementor-top-column elementor-element elementor-element-ca99463\" data-id=\"ca99463\" data-element_type=\"column\" data-e-type=\"column\">\n\t\t\t<div class=\"elementor-widget-wrap elementor-element-populated\">\n\t\t\t\t\t\t<div class=\"elementor-element elementor-element-5057023 elementor-widget elementor-widget-shortcode\" data-id=\"5057023\" data-element_type=\"widget\" data-e-type=\"widget\" data-widget_type=\"shortcode.default\">\n\t\t\t\t<div class=\"elementor-widget-container\">\n\t\t\t\t\t\t\t<div class=\"elementor-shortcode\">\n<div class=\"wpcf7 no-js\" id=\"wpcf7-f1317-o1\" lang=\"ca\" dir=\"ltr\" data-wpcf7-id=\"1317\">\n<div class=\"screen-reader-response\"><p role=\"status\" aria-live=\"polite\" aria-atomic=\"true\"><\/p> <ul><\/ul><\/div>\n<form action=\"\/ca\/wp-json\/wp\/v2\/pages\/1308#wpcf7-f1317-o1\" method=\"post\" class=\"wpcf7-form init\" aria-label=\"Contact form\" enctype=\"multipart\/form-data\" novalidate=\"novalidate\" data-status=\"init\">\n<fieldset class=\"hidden-fields-container\"><input type=\"hidden\" name=\"_wpcf7\" value=\"1317\" \/><input type=\"hidden\" name=\"_wpcf7_version\" value=\"6.1.5\" \/><input type=\"hidden\" name=\"_wpcf7_locale\" value=\"ca\" \/><input type=\"hidden\" name=\"_wpcf7_unit_tag\" value=\"wpcf7-f1317-o1\" \/><input type=\"hidden\" name=\"_wpcf7_container_post\" value=\"0\" \/><input type=\"hidden\" name=\"_wpcf7_posted_data_hash\" value=\"\" \/><input type=\"hidden\" name=\"_wpcf7_recaptcha_response\" value=\"\" \/>\n<\/fieldset>\n<p><label> El teu nom (requerit)<br \/>\n<span class=\"wpcf7-form-control-wrap\" data-name=\"your-name\"><input size=\"40\" maxlength=\"400\" class=\"wpcf7-form-control wpcf7-text wpcf7-validates-as-required\" aria-required=\"true\" aria-invalid=\"false\" value=\"\" type=\"text\" name=\"your-name\" \/><\/span> <\/label>\n<\/p>\n<p><label> El teu correu electr\u00f2nic (requerit)<br \/>\n<span class=\"wpcf7-form-control-wrap\" data-name=\"your-email\"><input size=\"40\" maxlength=\"400\" class=\"wpcf7-form-control wpcf7-email wpcf7-validates-as-required wpcf7-text wpcf7-validates-as-email\" aria-required=\"true\" aria-invalid=\"false\" value=\"\" type=\"email\" name=\"your-email\" \/><\/span> <\/label>\n<\/p>\n<p><label> Tel\u00e9fono<br \/>\n<span class=\"wpcf7-form-control-wrap\" data-name=\"tel-587\"><input size=\"40\" maxlength=\"400\" class=\"wpcf7-form-control wpcf7-tel wpcf7-text wpcf7-validates-as-tel\" aria-invalid=\"false\" value=\"\" type=\"tel\" name=\"tel-587\" \/><\/span> <\/label>\n<\/p>\n<p><label> Asumpte (requerit)<br \/>\n<span class=\"wpcf7-form-control-wrap\" data-name=\"text-877\"><textarea cols=\"40\" rows=\"4\" maxlength=\"2000\" class=\"wpcf7-form-control wpcf7-textarea wpcf7-validates-as-required\" aria-required=\"true\" aria-invalid=\"false\" name=\"text-877\"><\/textarea><\/span> <\/label>\n<\/p>\n<p><label> Archiu <span style=\"font-size: 13px; font-style: italic;\">(M\u00e1ximo 3MB y formato PDF) <\/span><br \/>\n<span class=\"wpcf7-form-control-wrap\" data-name=\"file-0\"><input size=\"40\" class=\"wpcf7-form-control wpcf7-file\" id=\"input-file\" accept=\".pdf\" aria-invalid=\"false\" type=\"file\" name=\"file-0\" \/><\/span> <\/label>\n<\/p>\n<p><input class=\"wpcf7-form-control wpcf7-submit has-spinner\" type=\"submit\" value=\"Enviar\" \/>\n<\/p><div class=\"wpcf7-response-output\" aria-hidden=\"true\"><\/div>\n<\/form>\n<\/div>\n<\/div>\n\t\t\t\t\t\t<\/div>\n\t\t\t\t<\/div>\n\t\t\t\t\t<\/div>\n\t\t<\/div>\n\t\t\t\t\t<\/div>\n\t\t<\/section>\n\t\t\t\t<\/div>\n\t\t","protected":false},"excerpt":{"rendered":"<p>En la societat del segle XXI, cada vegada \u00e9s m\u00e9s necessari un assessorament jur\u00eddic especialitzat, \u00e0gil i efica\u00e7, per a donar resposta a una multitud de q\u00fcestions que sorgeixen di\u00e0riament, derivats de les diferents normatives que regulen els nostres \u00e0mbits d&#8217;actuaci\u00f3, ja sigui en qualitat&hellip;<\/p>\n","protected":false},"author":1,"featured_media":0,"parent":0,"menu_order":0,"comment_status":"closed","ping_status":"closed","template":"","meta":{"footnotes":""},"class_list":["post-1308","page","type-page","status-publish","hentry"],"_links":{"self":[{"href":"https:\/\/collsilveira.com\/ca\/wp-json\/wp\/v2\/pages\/1308","targetHints":{"allow":["GET"]}}],"collection":[{"href":"https:\/\/collsilveira.com\/ca\/wp-json\/wp\/v2\/pages"}],"about":[{"href":"https:\/\/collsilveira.com\/ca\/wp-json\/wp\/v2\/types\/page"}],"author":[{"embeddable":true,"href":"https:\/\/collsilveira.com\/ca\/wp-json\/wp\/v2\/users\/1"}],"replies":[{"embeddable":true,"href":"https:\/\/collsilveira.com\/ca\/wp-json\/wp\/v2\/comments?post=1308"}],"version-history":[{"count":4,"href":"https:\/\/collsilveira.com\/ca\/wp-json\/wp\/v2\/pages\/1308\/revisions"}],"predecessor-version":[{"id":1322,"href":"https:\/\/collsilveira.com\/ca\/wp-json\/wp\/v2\/pages\/1308\/revisions\/1322"}],"wp:attachment":[{"href":"https:\/\/collsilveira.com\/ca\/wp-json\/wp\/v2\/media?parent=1308"}],"curies":[{"name":"wp","href":"https:\/\/api.w.org\/{rel}","templated":true}]}}