{"id":1299,"date":"2019-01-09T12:27:14","date_gmt":"2019-01-09T11:27:14","guid":{"rendered":"http:\/\/collsilveira.com\/casos-exito\/"},"modified":"2022-05-13T17:00:38","modified_gmt":"2022-05-13T15:00:38","slug":"casos-exito","status":"publish","type":"page","link":"https:\/\/collsilveira.com\/ca\/casos-exito\/","title":{"rendered":"Casos d&#8217;\u00c8xit"},"content":{"rendered":"\t\t<div data-elementor-type=\"wp-post\" data-elementor-id=\"1299\" class=\"elementor elementor-1299 elementor-337 elementor-bc-flex-widget\">\n\t\t\t\t\t\t<section class=\"elementor-section elementor-top-section elementor-element elementor-element-41bc93e elementor-section-full_width elementor-section-height-default elementor-section-height-default\" data-id=\"41bc93e\" data-element_type=\"section\" data-e-type=\"section\">\n\t\t\t\t\t\t<div class=\"elementor-container elementor-column-gap-no\">\n\t\t\t\t\t<div class=\"elementor-column elementor-col-100 elementor-top-column elementor-element elementor-element-4ceb0a2\" data-id=\"4ceb0a2\" data-element_type=\"column\" data-e-type=\"column\">\n\t\t\t<div class=\"elementor-widget-wrap elementor-element-populated\">\n\t\t\t\t\t\t<div class=\"elementor-element elementor-element-47713c9 elementor-widget elementor-widget-portfolio\" data-id=\"47713c9\" data-element_type=\"widget\" data-e-type=\"widget\" data-widget_type=\"portfolio.default\">\n\t\t\t\t<div class=\"elementor-widget-container\">\n\t\t\t\t\t \t\t\t\t<\/div>\n\t\t\t\t<\/div>\n\t\t\t\t\t<\/div>\n\t\t<\/div>\n\t\t\t\t\t<\/div>\n\t\t<\/section>\n\t\t\t\t<section class=\"elementor-section elementor-top-section elementor-element elementor-element-5f80dac elementor-section-full_width elementor-section-height-min-height elementor-section-items-stretch elementor-section-height-default\" data-id=\"5f80dac\" data-element_type=\"section\" data-e-type=\"section\">\n\t\t\t\t\t\t<div class=\"elementor-container elementor-column-gap-no\">\n\t\t\t\t\t<div class=\"elementor-column elementor-col-50 elementor-top-column elementor-element elementor-element-84eef2f\" data-id=\"84eef2f\" data-element_type=\"column\" data-e-type=\"column\" data-settings=\"{&quot;background_background&quot;:&quot;classic&quot;}\">\n\t\t\t<div class=\"elementor-widget-wrap elementor-element-populated\">\n\t\t\t\t\t\t<div class=\"elementor-element elementor-element-bbbda66 elementor-widget elementor-widget-heading\" data-id=\"bbbda66\" data-element_type=\"widget\" data-e-type=\"widget\" data-widget_type=\"heading.default\">\n\t\t\t\t<div class=\"elementor-widget-container\">\n\t\t\t\t\t<h2 class=\"elementor-heading-title elementor-size-default\">A m\u00e9s, a t\u00edtol merament ejemplificativo, enumerem algunes de les sent\u00e8ncies m\u00e9s recents:<\/h2>\t\t\t\t<\/div>\n\t\t\t\t<\/div>\n\t\t\t\t<div class=\"elementor-element elementor-element-d56c8c5 elementor-widget-divider--view-line elementor-widget elementor-widget-divider\" data-id=\"d56c8c5\" data-element_type=\"widget\" data-e-type=\"widget\" data-widget_type=\"divider.default\">\n\t\t\t\t<div class=\"elementor-widget-container\">\n\t\t\t\t\t\t\t<div class=\"elementor-divider\">\n\t\t\t<span class=\"elementor-divider-separator\">\n\t\t\t\t\t\t<\/span>\n\t\t<\/div>\n\t\t\t\t\t\t<\/div>\n\t\t\t\t<\/div>\n\t\t\t\t<div class=\"elementor-element elementor-element-4dc4fdd elementor-widget elementor-widget-text-editor\" data-id=\"4dc4fdd\" data-element_type=\"widget\" data-e-type=\"widget\" data-widget_type=\"text-editor.default\">\n\t\t\t\t<div class=\"elementor-widget-container\">\n\t\t\t\t\t\t\t\t\t<ul style=\"font-size: 16px;\"><li>Sent\u00e8ncia mercantil obtenint la desestimaci\u00f3 d&#8217;una demanda contra el nostre client, per responsabilitat d&#8217;administradors i grup d&#8217;empreses, d&#8217;import superior a 18 milions de \u20ac, resultant efectivament condemnat l&#8217;altre codemandat.<\/li><li>Sent\u00e8ncia de fam\u00edlia privant de p\u00e0tria potestat al progenitor per desentendre&#8217;s de la cura del menor, en favor de l&#8217;altra progenitora.<\/li><li>Sent\u00e8ncia absolut\u00f2ria en proc\u00e9s penal per agressi\u00f3 sexual.<br>Sent\u00e8ncia laboral en defensa dels treballadors, obtenint l&#8217;acomiadament improcedent enfront d&#8217;una coneguda entitat portu\u00e0ria.<\/li><\/ul>\t\t\t\t\t\t\t\t<\/div>\n\t\t\t\t<\/div>\n\t\t\t\t\t<\/div>\n\t\t<\/div>\n\t\t\t\t<div class=\"elementor-column elementor-col-50 elementor-top-column elementor-element elementor-element-c0d60f2 elementor-hidden-phone\" data-id=\"c0d60f2\" data-element_type=\"column\" data-e-type=\"column\">\n\t\t\t<div class=\"elementor-widget-wrap\">\n\t\t\t\t\t\t\t<\/div>\n\t\t<\/div>\n\t\t\t\t\t<\/div>\n\t\t<\/section>\n\t\t\t\t<section class=\"elementor-section elementor-top-section elementor-element elementor-element-fabffbd elementor-section-full_width elementor-section-height-default elementor-section-height-default\" data-id=\"fabffbd\" data-element_type=\"section\" data-e-type=\"section\">\n\t\t\t\t\t\t<div class=\"elementor-container elementor-column-gap-default\">\n\t\t\t\t\t<div class=\"elementor-column elementor-col-100 elementor-top-column elementor-element elementor-element-3f46a2d\" data-id=\"3f46a2d\" data-element_type=\"column\" data-e-type=\"column\">\n\t\t\t<div class=\"elementor-widget-wrap elementor-element-populated\">\n\t\t\t\t\t\t<div class=\"elementor-element elementor-element-1518732 elementor-widget elementor-widget-image\" data-id=\"1518732\" data-element_type=\"widget\" data-e-type=\"widget\" data-widget_type=\"image.default\">\n\t\t\t\t<div class=\"elementor-widget-container\">\n\t\t\t\t\t\t\t\t\t\t\t\t\t\t\t<img decoding=\"async\" src=\"https:\/\/collsilveira.com\/wp-content\/uploads\/elementor\/thumbs\/casos-de-exito-o4utcpn57uj0szcqyd46a6kn1b7mjuf4oloirj7j0w.jpg\" title=\"casos-de-exito\" alt=\"casos-de-exito\" loading=\"lazy\" \/>\t\t\t\t\t\t\t\t\t\t\t\t\t\t\t<\/div>\n\t\t\t\t<\/div>\n\t\t\t\t\t<\/div>\n\t\t<\/div>\n\t\t\t\t\t<\/div>\n\t\t<\/section>\n\t\t\t\t<\/div>\n\t\t","protected":false},"excerpt":{"rendered":"<p>8 de Enero de 2019 Conflicto de Derechos Fundamentales 6 de Junio de 2014 Falseamiento civil de las cuenta de Bankia A m\u00e9s, a t\u00edtol merament ejemplificativo, enumerem algunes de les sent\u00e8ncies m\u00e9s recents: Sent\u00e8ncia mercantil obtenint la desestimaci\u00f3 d&#8217;una demanda contra el nostre client,&hellip;<\/p>\n","protected":false},"author":1,"featured_media":0,"parent":0,"menu_order":0,"comment_status":"closed","ping_status":"closed","template":"","meta":{"footnotes":""},"class_list":["post-1299","page","type-page","status-publish","hentry"],"_links":{"self":[{"href":"https:\/\/collsilveira.com\/ca\/wp-json\/wp\/v2\/pages\/1299","targetHints":{"allow":["GET"]}}],"collection":[{"href":"https:\/\/collsilveira.com\/ca\/wp-json\/wp\/v2\/pages"}],"about":[{"href":"https:\/\/collsilveira.com\/ca\/wp-json\/wp\/v2\/types\/page"}],"author":[{"embeddable":true,"href":"https:\/\/collsilveira.com\/ca\/wp-json\/wp\/v2\/users\/1"}],"replies":[{"embeddable":true,"href":"https:\/\/collsilveira.com\/ca\/wp-json\/wp\/v2\/comments?post=1299"}],"version-history":[{"count":3,"href":"https:\/\/collsilveira.com\/ca\/wp-json\/wp\/v2\/pages\/1299\/revisions"}],"predecessor-version":[{"id":1302,"href":"https:\/\/collsilveira.com\/ca\/wp-json\/wp\/v2\/pages\/1299\/revisions\/1302"}],"wp:attachment":[{"href":"https:\/\/collsilveira.com\/ca\/wp-json\/wp\/v2\/media?parent=1299"}],"curies":[{"name":"wp","href":"https:\/\/api.w.org\/{rel}","templated":true}]}}